{"id":292,"date":"2015-11-06T15:15:59","date_gmt":"2015-11-06T15:15:59","guid":{"rendered":"http:\/\/localhost:200\/st-andrews\/?page_id=292"},"modified":"2025-06-17T12:53:46","modified_gmt":"2025-06-17T15:53:46","slug":"admisiones","status":"publish","type":"page","link":"https:\/\/www.st-andrews.edu.uy\/es\/admisiones\/","title":{"rendered":"Admisiones"},"content":{"rendered":"<p>Invitamos a los padres interesados en informarse sobre St. Andrew&#8217;s School a acercarse al colegio donde podr\u00e1n recorrer las instalaciones y fijar una entrevista con la Directora.<\/p>\n<p>Contactarse con la <strong>Sra. Mariana Garc\u00eda<\/strong>\u00a0al <strong>27094951, 092 276 485 <\/strong>o <a href=\"mailto:admissions@standrews.edu.uy\" data-wplink-edit=\"true\">admissions@standrews.edu.uy<\/a>.<br \/><strong>Horarios de Oficina<\/strong> : 8:30 a 16:30hs<\/p>\n<ul>\n<li>\u00abLittle Learners\u00bb es la puerta de ingreso a St. Andrew&#8217;s para ni\u00f1os de 18 meses a 5 a\u00f1os de edad.<\/li>\n<li>Aunque no se realiza una evaluaci\u00f3n formal para los ni\u00f1os de esta edad, la psic\u00f3loga de la instituci\u00f3n mantiene una entrevista con los padres y sus hijos.<\/li>\n<li>Despu\u00e9s de haber realizado una primera visita aquellas familias interesadas deber\u00e1n completar un\u00a0formulario de admisi\u00f3n y entregarlo en la oficina del Colegio.<\/li>\n<li>Durante el mes de agosto la secretar\u00eda del Colegio se contactar\u00e1 con quienes hayan remitido este formulario dando prioridad a hermanos e hijos de ex-alumnos.<\/li>\n<li>Una vez que culmina el proceso de admisi\u00f3n se deber\u00e1 abonar una matr\u00edcula no reembolsable.<\/li>\n<li>Es importante destacar que en la cuota se incluye todo el material did\u00e1ctico y libros que necesitan los ni\u00f1os por lo que las familias no deber\u00e1n incurrir en gastos extras.<\/li>\n<\/ul>\n\n\n<p><a href=\"https:\/\/www.st-andrews.edu.uy\/es\/contact-us\" target=\"_blank\" rel=\"noreferrer noopener\"><strong>Cont\u00e1ctanos<\/strong><\/a><\/p>\n","protected":false},"excerpt":{"rendered":"<p>Invitamos a los padres interesados en informarse sobre St. Andrew&#8217;s School a acercarse al colegio donde podr\u00e1n recorrer las instalaciones y fijar una entrevista con la Directora. Contactarse con la &hellip; <a class=\"read-more\" href=\"https:\/\/www.st-andrews.edu.uy\/es\/admisiones\/\">Ver m\u00e1s<\/a><\/p>\n","protected":false},"author":2,"featured_media":0,"parent":0,"menu_order":0,"comment_status":"closed","ping_status":"closed","template":"","meta":{"om_disable_all_campaigns":false,"_monsterinsights_skip_tracking":false,"_monsterinsights_sitenote_active":false,"_monsterinsights_sitenote_note":"","_monsterinsights_sitenote_category":0,"footnotes":""},"class_list":["post-292","page","type-page","status-publish","hentry"],"aioseo_notices":[],"_links":{"self":[{"href":"https:\/\/www.st-andrews.edu.uy\/es\/wp-json\/wp\/v2\/pages\/292","targetHints":{"allow":["GET"]}}],"collection":[{"href":"https:\/\/www.st-andrews.edu.uy\/es\/wp-json\/wp\/v2\/pages"}],"about":[{"href":"https:\/\/www.st-andrews.edu.uy\/es\/wp-json\/wp\/v2\/types\/page"}],"author":[{"embeddable":true,"href":"https:\/\/www.st-andrews.edu.uy\/es\/wp-json\/wp\/v2\/users\/2"}],"replies":[{"embeddable":true,"href":"https:\/\/www.st-andrews.edu.uy\/es\/wp-json\/wp\/v2\/comments?post=292"}],"version-history":[{"count":17,"href":"https:\/\/www.st-andrews.edu.uy\/es\/wp-json\/wp\/v2\/pages\/292\/revisions"}],"predecessor-version":[{"id":76633,"href":"https:\/\/www.st-andrews.edu.uy\/es\/wp-json\/wp\/v2\/pages\/292\/revisions\/76633"}],"wp:attachment":[{"href":"https:\/\/www.st-andrews.edu.uy\/es\/wp-json\/wp\/v2\/media?parent=292"}],"curies":[{"name":"wp","href":"https:\/\/api.w.org\/{rel}","templated":true}]}}