{"id":59002,"date":"2023-12-19T18:17:04","date_gmt":"2023-12-19T21:17:04","guid":{"rendered":"https:\/\/www.st-andrews.edu.uy\/?page_id=59002"},"modified":"2024-05-17T10:00:34","modified_gmt":"2024-05-17T13:00:34","slug":"social-emotional-learning","status":"publish","type":"page","link":"https:\/\/www.st-andrews.edu.uy\/es\/social-emotional-learning\/","title":{"rendered":"Educaci\u00f3n Socioemocional"},"content":{"rendered":"\n<div class=\"wp-block-columns is-layout-flex wp-container-core-columns-is-layout-9d6595d7 wp-block-columns-is-layout-flex\">\n<div class=\"wp-block-column is-layout-flow wp-block-column-is-layout-flow\" style=\"flex-basis:66.66%\">\n<p>En St. Andrew\u2019s School la educaci\u00f3n socioemocional es un proceso constante y permanente que forma parte integral de nuestra filosof\u00eda.<br>Nuestro objetivo es lograr que los ni\u00f1os alcancen un mejor conocimiento de s\u00ed mismos y de los dem\u00e1s contribuyendo a su bienestar, el de sus familias y el de las comunidades de las que forman parte.<br>Como colegio miembro de la red internacional de Cambridge, esta es un \u00e1rea m\u00e1s en la que nuestro plan de estudios se integra con este programa internacional.<br>La educaci\u00f3n socioemocional es la piedra angular para la formaci\u00f3n de personas responsables, resilientes e \u00edntegras, que creen que el respeto y el cuidado de los dem\u00e1s son herramientas universales para<br>desenvolverse en un mundo moderno en constante cambio.<br>El programa de educaci\u00f3n socioemocional se desarrolla a trav\u00e9s de actividades pr\u00e1cticas, juegos de roles, debates y foros que promueven la reflexi\u00f3n y en los que los ni\u00f1os participan desde que comienzan su<br>educaci\u00f3n en St. Andrew&#8217;s School.<\/p>\n<\/div>\n\n\n\n<div class=\"wp-block-column is-layout-flow wp-block-column-is-layout-flow\" style=\"flex-basis:33.33%\">\n<figure class=\"wp-block-image size-large\"><a href=\"https:\/\/www.st-andrews.edu.uy\/wp-content\/uploads\/2023\/12\/RWBH9933-edited.jpg\"><img loading=\"lazy\" decoding=\"async\" width=\"1024\" height=\"1024\" src=\"https:\/\/www.st-andrews.edu.uy\/wp-content\/uploads\/2023\/12\/RWBH9933-edited-1024x1024.jpg\" alt=\"\" class=\"wp-image-59032\" srcset=\"https:\/\/www.st-andrews.edu.uy\/wp-content\/uploads\/2023\/12\/RWBH9933-edited-1024x1024.jpg 1024w, https:\/\/www.st-andrews.edu.uy\/wp-content\/uploads\/2023\/12\/RWBH9933-edited-300x300.jpg 300w, https:\/\/www.st-andrews.edu.uy\/wp-content\/uploads\/2023\/12\/RWBH9933-edited-150x150.jpg 150w, https:\/\/www.st-andrews.edu.uy\/wp-content\/uploads\/2023\/12\/RWBH9933-edited-768x768.jpg 768w, https:\/\/www.st-andrews.edu.uy\/wp-content\/uploads\/2023\/12\/RWBH9933-edited.jpg 1536w\" sizes=\"auto, (max-width: 1024px) 100vw, 1024px\" \/><\/a><\/figure>\n<\/div>\n<\/div>\n\n\n\n<figure class=\"wp-block-embed is-type-video is-provider-youtube wp-block-embed-youtube wp-embed-aspect-16-9 wp-has-aspect-ratio\"><div class=\"wp-block-embed__wrapper\">\n<iframe loading=\"lazy\" title=\"Social and emotional learning at St. Andrew&#039;s\" width=\"500\" height=\"281\" src=\"https:\/\/www.youtube.com\/embed\/RItB7eR9T6M?feature=oembed\" frameborder=\"0\" allow=\"accelerometer; autoplay; clipboard-write; encrypted-media; gyroscope; picture-in-picture; web-share\" referrerpolicy=\"strict-origin-when-cross-origin\" allowfullscreen><\/iframe>\n<\/div><\/figure>\n","protected":false},"excerpt":{"rendered":"<p>En St. Andrew\u2019s School la educaci\u00f3n socioemocional es un proceso constante y permanente que forma parte integral de nuestra filosof\u00eda.Nuestro objetivo es lograr que los ni\u00f1os alcancen un mejor conocimiento &hellip; <a class=\"read-more\" href=\"https:\/\/www.st-andrews.edu.uy\/es\/social-emotional-learning\/\">Ver m\u00e1s<\/a><\/p>\n","protected":false},"author":3,"featured_media":0,"parent":0,"menu_order":0,"comment_status":"closed","ping_status":"closed","template":"","meta":{"om_disable_all_campaigns":false,"_monsterinsights_skip_tracking":false,"_monsterinsights_sitenote_active":false,"_monsterinsights_sitenote_note":"","_monsterinsights_sitenote_category":0,"footnotes":""},"class_list":["post-59002","page","type-page","status-publish","hentry"],"aioseo_notices":[],"_links":{"self":[{"href":"https:\/\/www.st-andrews.edu.uy\/es\/wp-json\/wp\/v2\/pages\/59002","targetHints":{"allow":["GET"]}}],"collection":[{"href":"https:\/\/www.st-andrews.edu.uy\/es\/wp-json\/wp\/v2\/pages"}],"about":[{"href":"https:\/\/www.st-andrews.edu.uy\/es\/wp-json\/wp\/v2\/types\/page"}],"author":[{"embeddable":true,"href":"https:\/\/www.st-andrews.edu.uy\/es\/wp-json\/wp\/v2\/users\/3"}],"replies":[{"embeddable":true,"href":"https:\/\/www.st-andrews.edu.uy\/es\/wp-json\/wp\/v2\/comments?post=59002"}],"version-history":[{"count":12,"href":"https:\/\/www.st-andrews.edu.uy\/es\/wp-json\/wp\/v2\/pages\/59002\/revisions"}],"predecessor-version":[{"id":60657,"href":"https:\/\/www.st-andrews.edu.uy\/es\/wp-json\/wp\/v2\/pages\/59002\/revisions\/60657"}],"wp:attachment":[{"href":"https:\/\/www.st-andrews.edu.uy\/es\/wp-json\/wp\/v2\/media?parent=59002"}],"curies":[{"name":"wp","href":"https:\/\/api.w.org\/{rel}","templated":true}]}}